{"id":638,"date":"2025-04-17T14:30:05","date_gmt":"2025-04-17T12:30:05","guid":{"rendered":"http:\/\/percom2026.fabio-pc.lan.nic.it\/?page_id=638"},"modified":"2026-02-02T11:32:24","modified_gmt":"2026-02-02T10:32:24","slug":"list-of-workshops-friday-march-20","status":"publish","type":"page","link":"https:\/\/percom.org\/2026\/list-of-workshops-friday-march-20\/","title":{"rendered":"List of Workshops \u2013 Friday, March 20"},"content":{"rendered":"<h4><strong><a href=\"https:\/\/sites.google.com\/view\/comoreai26\">CoMoRe-AI<\/a> &#8211; <\/strong>22nd International Workshop on Context and Activity Modeling and Recognition with AI<\/h4>\n<p>Gabriele Civitarese, Pascal Hirmer, Jadwiga Indulska, Shruthi K. Hiremath<\/p>\n<hr \/>\n<h4><strong><a href=\"https:\/\/sites.google.com\/view\/emotionsense2026\/start\">EmotionSense<\/a> &#8211; <\/strong>1st International Workshop on Human-centred Emotion-Awareness and Sensing in Pervasive Computing<\/h4>\n<p>Judith Simone Heinisch, Flavio Di Martino, Klaus David, Franca Delmastro<\/p>\n<hr \/>\n<h4><strong><a href=\"http:\/\/perconai.iit.cnr.it\/\">PeRConAI<\/a> &#8211; <\/strong>5th International Workshop on Pervasive and Resource-Constrained Artificial Intelligence<\/h4>\n<p>Lorenzo Valerio, Franco Maria Nardini, Mario Luca Bernardi, Riccardo Pecori<\/p>\n<hr \/>\n<h4><strong><a href=\"http:\/\/saygreen2026.polito.it\/\">SayGreeN<\/a> &#8211; <\/strong>1st International Workshop on AI Sustainability in\/for green networking<\/h4>\n<p>Greta Vallero, Daniela Renga, Vincenzo Mancuso<\/p>\n<hr \/>\n<h4><strong><a href=\"https:\/\/sites.google.com\/view\/spt-iot-2026\">SPT-IoT<\/a> &#8211; <\/strong>9th International Workshop on Security, Privacy and Trust in the Internet of Things<\/h4>\n<p>Shantanu Pal, Hirozumi Yamaguchi, Helen Paik<\/p>\n<hr \/>\n<h4><strong><a href=\"https:\/\/telmed.santannapisa.it\">TELMED<\/a> &#8211; <\/strong>5th International\u00a0 Workshop on Telemedicine and e-Health in the Digital Society<\/h4>\n<p>Piero Castoldi, Anna Lina Ruscelli, Lorenzo Mucchi, Matti H\u00e4m\u00e4l\u00e4inen<\/p>\n<hr \/>\n<h4><strong><a href=\"https:\/\/www.urbsense.org\/\">URBSENSE<\/a> &#8211; <\/strong>1st International Workshop on URBan SENSEmaking and Intelligence for Safer Cities<\/h4>\n<p>Natalia Selini Hadjidimitriou, Marcello Pietri, Angelo Furno, Thorsten Koch<\/p>\n\n\n<p class=\"\"><\/p>\n","protected":false},"excerpt":{"rendered":"<p>CoMoRe-AI &#8211; 22nd International Workshop on Context and Activity Modeling and Recognition with AI Gabriele Civitarese, Pascal Hirmer, Jadwiga Indulska, Shruthi K. Hiremath EmotionSense &#8211; 1st International Workshop on Human-centred Emotion-Awareness and Sensing in Pervasive Computing Judith Simone Heinisch, Flavio Di Martino, Klaus David, Franca Delmastro PeRConAI &#8211; 5th International Workshop on Pervasive and Resource-Constrained Artificial Intelligence Lorenzo Valerio, Franco Maria Nardini, Mario Luca Bernardi, Riccardo Pecori SayGreeN &#8211; 1st International Workshop on AI Sustainability in\/for green networking Greta Vallero, Daniela Renga, Vincenzo Mancuso SPT-IoT &#8211; 9th International Workshop on Security, Privacy and Trust in the Internet of Things Shantanu Pal, Hirozumi Yamaguchi, Helen Paik TELMED &#8211; 5th International\u00a0 Workshop on Telemedicine and e-Health in the Digital Society Piero Castoldi, Anna Lina Ruscelli, Lorenzo Mucchi, Matti H\u00e4m\u00e4l\u00e4inen URBSENSE &#8211; 1st International Workshop on URBan SENSEmaking and Intelligence for Safer Cities Natalia Selini Hadjidimitriou, Marcello Pietri, Angelo Furno, Thorsten Koch<\/p>\n","protected":false},"author":9,"featured_media":0,"parent":0,"menu_order":0,"comment_status":"closed","ping_status":"closed","template":"","meta":{"_acf_changed":false,"nf_dc_page":"","om_disable_all_campaigns":false,"_monsterinsights_skip_tracking":false,"_monsterinsights_sitenote_active":false,"_monsterinsights_sitenote_note":"","_monsterinsights_sitenote_category":0,"footnotes":""},"class_list":["post-638","page","type-page","status-publish"],"acf":[],"aioseo_notices":[],"jetpack_sharing_enabled":true,"_links":{"self":[{"href":"https:\/\/percom.org\/2026\/wp-json\/wp\/v2\/pages\/638","targetHints":{"allow":["GET"]}}],"collection":[{"href":"https:\/\/percom.org\/2026\/wp-json\/wp\/v2\/pages"}],"about":[{"href":"https:\/\/percom.org\/2026\/wp-json\/wp\/v2\/types\/page"}],"author":[{"embeddable":true,"href":"https:\/\/percom.org\/2026\/wp-json\/wp\/v2\/users\/9"}],"replies":[{"embeddable":true,"href":"https:\/\/percom.org\/2026\/wp-json\/wp\/v2\/comments?post=638"}],"version-history":[{"count":3,"href":"https:\/\/percom.org\/2026\/wp-json\/wp\/v2\/pages\/638\/revisions"}],"predecessor-version":[{"id":1499,"href":"https:\/\/percom.org\/2026\/wp-json\/wp\/v2\/pages\/638\/revisions\/1499"}],"wp:attachment":[{"href":"https:\/\/percom.org\/2026\/wp-json\/wp\/v2\/media?parent=638"}],"curies":[{"name":"wp","href":"https:\/\/api.w.org\/{rel}","templated":true}]}}