{"id":582,"date":"2025-04-17T11:58:14","date_gmt":"2025-04-17T09:58:14","guid":{"rendered":"http:\/\/percom2026.fabio-pc.lan.nic.it\/?page_id=582"},"modified":"2026-02-05T16:58:37","modified_gmt":"2026-02-05T15:58:37","slug":"list-of-accepted-workshops","status":"publish","type":"page","link":"https:\/\/percom.org\/2026\/list-of-accepted-workshops\/","title":{"rendered":"List of Accepted Workshops"},"content":{"rendered":"<h4><strong><a href=\"https:\/\/sites.google.com\/view\/automlpersys2026\">AutoMLPerSys<\/a> &#8211;\u00a0<\/strong>2nd International Workshop on AutoML in Pervasive Sensing Systems<\/h4>\n<p>Shalini Mukhopadhyay, Meera Radhakrishnan<\/p>\n<hr \/>\n<h4><strong><a href=\"https:\/\/sites.google.com\/unipi.it\/brain-2026\/home\">BRAIN<\/a> &#8211; <\/strong>7th International Workshop on Blockchain theoRy and ApplicatIoNs<\/h4>\n<p>Damiano Di Francesco Maesa, Laura Ricci, Nishanth Sastry, Matteo Loporchio<\/p>\n<hr \/>\n<h4><strong><a href=\"https:\/\/sites.google.com\/view\/comoreai26\">CoMoRe-AI<\/a> &#8211; <\/strong>22nd International Workshop on Context and Activity Modeling and Recognition with AI<\/h4>\n<p>Gabriele Civitarese, Pascal Hirmer, Jadwiga Indulska, Shruthi K. Hiremath<\/p>\n<hr \/>\n<h4><strong><a href=\"http:\/\/digita-percom.github.io\/2026\/\">DIGITA<\/a> &#8211; <\/strong>2nd International Workshop on Digital Twin Ecosystems &amp; Applications<\/h4>\n<p>Samuele Burattini, Lukas Esterle, Sara Montagna, Marco Picone<\/p>\n<hr \/>\n<h4><strong><a href=\"https:\/\/sites.google.com\/view\/edge-well-2026\/\">EDGE-WELL<\/a> &#8211; <\/strong>2nd International Workshop on Emerging Intelligent eDGE for WELLbeing<\/h4>\n<p>Sourav Kanti Addya, Dheryta Jaisinghani, Chulhong Min<b>, <\/b>Sougata Sen<\/p>\n<hr \/>\n<h4><strong><a href=\"https:\/\/sites.google.com\/view\/emotionsense2026\/start\">EmotionSense<\/a> &#8211; <\/strong>1st International Workshop on Human-centred Emotion-Awareness and Sensing in Pervasive Computing<\/h4>\n<p>Judith Simone Heinisch, Flavio Di Martino, Klaus David, Franca Delmastro<\/p>\n<hr \/>\n<h4><strong><a href=\"http:\/\/perconai.iit.cnr.it\/\">PeRConAI<\/a> &#8211; <\/strong>5th International Workshop on Pervasive and Resource-Constrained Artificial Intelligence<\/h4>\n<p>Lorenzo Valerio, Franco Maria Nardini, Mario Luca Bernardi, Riccardo Pecori<\/p>\n<hr \/>\n<h4><strong><a href=\"https:\/\/perfail-workshop.github.io\/2026\/\">PerFail<\/a> &#8211;\u00a0<\/strong>5th International Workshop on Negative Results in Pervasive Computing<\/h4>\n<p>Ella Peltonen, Peter Zdankin, Tanya Shreedhar, Malte Josten<\/p>\n<hr \/>\n<h4><strong><a href=\"http:\/\/perradar.github.io\">PerRad<\/a> &#8211; <\/strong>1st International Workshop on Pervasive Radars<\/h4>\n<p>Abdelwahed Khamis, Anuradha Ravi, Sandip Chakraborty, Suchetana Chakraborty<\/p>\n<hr \/>\n<h4><strong><a href=\"https:\/\/www.pervehicle.org\/\">PerVehicle<\/a> &#8211; <\/strong>7th International Workshop on Pervasive Computing for Vehicular Systems<\/h4>\n<p>Susumu Ishihara, Hiroshi Shigeno, Hirozumi Yamaguchi, Yanqiu Huang<\/p>\n<hr \/>\n<h4><strong><a href=\"http:\/\/saygreen2026.polito.it\/\">SayGreeN<\/a> &#8211; <\/strong>1st International Workshop on AI Sustainability in\/for green networking<\/h4>\n<p>Greta Vallero, Daniela Renga, Vincenzo Mancuso<\/p>\n<hr \/>\n<h4><strong><a href=\"https:\/\/sites.google.com\/view\/spt-iot-2026\">SPT-IoT<\/a> &#8211; <\/strong>9th International Workshop on Security, Privacy and Trust in the Internet of Things<\/h4>\n<p>Shantanu Pal, Hirozumi Yamaguchi, Helen Paik<\/p>\n<hr \/>\n<h4><strong><a href=\"https:\/\/telmed.santannapisa.it\">TELMED<\/a> &#8211; <\/strong>5th International\u00a0 Workshop on Telemedicine and e-Health in the Digital Society<\/h4>\n<p>Piero Castoldi, Anna Lina Ruscelli, Lorenzo Mucchi, Matti H\u00e4m\u00e4l\u00e4inen<\/p>\n<hr \/>\n<h4><strong><a href=\"https:\/\/sites.google.com\/view\/ieee-trustsense2026\/home\">TrustSense<\/a> &#8211;\u00a0<\/strong>3rd International Workshop on Pervasive Computing Challenges in Trustable Crowdsensing Systems<\/h4>\n<p>Luca Bedogni, Stefano Ferretti, Debasree Das, Christine Bassem<\/p>\n<hr \/>\n<h4><strong><a href=\"https:\/\/www.urbsense.org\/\">URBSENSE<\/a> &#8211; <\/strong>1st International Workshop on URBan SENSEmaking and Intelligence for Safer Cities<\/h4>\n<p>Natalia Selini Hadjidimitriou, Marcello Pietri, Angelo Furno, Thorsten Koch<\/p>\n<hr \/>\n<h4><strong><a href=\"https:\/\/ebulutvcu.github.io\/WiSense26\/\">WiSense<\/a> &#8211;\u00a0<\/strong>3rd International Workshop on Pervasive Wireless Sensing and Edge Computing<\/h4>\n<p>Eyuphan Bulut, Muhammad Shahzad, Michele Rossi<\/p>\n\n\n<p class=\"\"><\/p>\n","protected":false},"excerpt":{"rendered":"<p>AutoMLPerSys &#8211;\u00a02nd International Workshop on AutoML in Pervasive Sensing Systems Shalini Mukhopadhyay, Meera Radhakrishnan BRAIN &#8211; 7th International Workshop on Blockchain theoRy and ApplicatIoNs Damiano Di Francesco Maesa, Laura Ricci, Nishanth Sastry, Matteo Loporchio CoMoRe-AI &#8211; 22nd International Workshop on Context and Activity Modeling and Recognition with AI Gabriele Civitarese, Pascal Hirmer, Jadwiga Indulska, Shruthi K. Hiremath DIGITA &#8211; 2nd International Workshop on Digital Twin Ecosystems &amp; Applications Samuele Burattini, Lukas Esterle, Sara Montagna, Marco Picone EDGE-WELL &#8211; 2nd International Workshop on Emerging Intelligent eDGE for WELLbeing Sourav Kanti Addya, Dheryta Jaisinghani, Chulhong Min, Sougata Sen EmotionSense &#8211; 1st International Workshop on Human-centred Emotion-Awareness and Sensing in Pervasive Computing Judith Simone Heinisch, Flavio Di Martino, Klaus David, Franca Delmastro PeRConAI &#8211; 5th International Workshop on Pervasive and Resource-Constrained Artificial Intelligence Lorenzo Valerio, Franco Maria Nardini, Mario Luca Bernardi, Riccardo Pecori PerFail &#8211;\u00a05th International Workshop on Negative Results in Pervasive Computing Ella Peltonen, Peter Zdankin, Tanya Shreedhar, Malte Josten PerRad &#8211; 1st International Workshop on Pervasive Radars Abdelwahed Khamis, Anuradha Ravi, Sandip Chakraborty, Suchetana Chakraborty PerVehicle &#8211; 7th International Workshop on Pervasive Computing for Vehicular Systems Susumu Ishihara, Hiroshi Shigeno, Hirozumi Yamaguchi, Yanqiu Huang SayGreeN &#8211; 1st International Workshop on AI Sustainability in\/for green networking Greta Vallero, Daniela Renga, Vincenzo Mancuso SPT-IoT &#8211; 9th International Workshop on Security, Privacy and Trust in the Internet of Things Shantanu Pal, Hirozumi Yamaguchi, Helen Paik TELMED &#8211; 5th International\u00a0 Workshop on Telemedicine and e-Health in the Digital Society Piero Castoldi, Anna Lina Ruscelli, Lorenzo Mucchi, Matti H\u00e4m\u00e4l\u00e4inen TrustSense &#8211;\u00a03rd International Workshop on Pervasive Computing Challenges in Trustable Crowdsensing Systems Luca Bedogni, Stefano Ferretti, Debasree Das, Christine Bassem URBSENSE &#8211; 1st International Workshop on URBan SENSEmaking and Intelligence for Safer Cities Natalia Selini Hadjidimitriou, Marcello Pietri, Angelo Furno, Thorsten Koch WiSense &#8211;\u00a03rd International Workshop on Pervasive Wireless Sensing and Edge Computing Eyuphan Bulut, Muhammad Shahzad, Michele Rossi<\/p>\n","protected":false},"author":9,"featured_media":0,"parent":0,"menu_order":0,"comment_status":"closed","ping_status":"closed","template":"","meta":{"_acf_changed":false,"nf_dc_page":"","om_disable_all_campaigns":false,"_monsterinsights_skip_tracking":false,"_monsterinsights_sitenote_active":false,"_monsterinsights_sitenote_note":"","_monsterinsights_sitenote_category":0,"footnotes":""},"class_list":["post-582","page","type-page","status-publish"],"acf":[],"aioseo_notices":[],"jetpack_sharing_enabled":true,"_links":{"self":[{"href":"https:\/\/percom.org\/2026\/wp-json\/wp\/v2\/pages\/582","targetHints":{"allow":["GET"]}}],"collection":[{"href":"https:\/\/percom.org\/2026\/wp-json\/wp\/v2\/pages"}],"about":[{"href":"https:\/\/percom.org\/2026\/wp-json\/wp\/v2\/types\/page"}],"author":[{"embeddable":true,"href":"https:\/\/percom.org\/2026\/wp-json\/wp\/v2\/users\/9"}],"replies":[{"embeddable":true,"href":"https:\/\/percom.org\/2026\/wp-json\/wp\/v2\/comments?post=582"}],"version-history":[{"count":5,"href":"https:\/\/percom.org\/2026\/wp-json\/wp\/v2\/pages\/582\/revisions"}],"predecessor-version":[{"id":1506,"href":"https:\/\/percom.org\/2026\/wp-json\/wp\/v2\/pages\/582\/revisions\/1506"}],"wp:attachment":[{"href":"https:\/\/percom.org\/2026\/wp-json\/wp\/v2\/media?parent=582"}],"curies":[{"name":"wp","href":"https:\/\/api.w.org\/{rel}","templated":true}]}}