{"id":564,"date":"2025-04-17T11:55:41","date_gmt":"2025-04-17T09:55:41","guid":{"rendered":"http:\/\/percom2026.fabio-pc.lan.nic.it\/?page_id=564"},"modified":"2026-01-13T15:40:00","modified_gmt":"2026-01-13T14:40:00","slug":"call-for-wip-papers","status":"publish","type":"page","link":"https:\/\/percom.org\/2026\/call-for-wip-papers\/","title":{"rendered":"Call for Work-in-Progress Papers"},"content":{"rendered":"<p>IEEE PerCom is the premier annual scholarly venue in pervasive computing and communications. Pervasive computing has been and is still a very active research area, finding its way into many commercial and consumer systems and applications due to tremendous advances in a broad spectrum of technologies and topics such as wireless networking, mobile, and distributed computing, sensor and actuator systems, ambient intelligence, and smart mobile and embedded devices. Due to the pervasiveness of such systems, users become central in the development and realization of innovative pervasive systems. Advances in all these fields have led to innovative platforms, protocols, systems, and applications but still, a lot can be done to improve their quality, sustainability, and acceptance and new solutions can be further proposed.<\/p>\n<p>In 2026, PerCom will be held in Pisa, Italy, as an entirely in-person event.<\/p>\n<p>The Work in Progress (WiP) session provides an opportunity to present and discuss new challenges and visions, showcase early research results, and explore novel research directions. The specific aim of the WiP session is to provide a forum for timely presentation, discussion and feedback for novel, controversial, and thought-provoking ideas. Contributions are solicited in all areas of pervasive computing research and applications.<\/p>\n<p>Papers are expected to report on <strong>early or ongoing research on any aspect of pervasive computing and communications<\/strong>, and should clearly document how they relate to these topics. Preliminary experimental results are appreciated. Given their nature, WiP papers are expected to also highlight concrete future directions.<\/p>\n<p>Accepted papers will be <strong>included in PerCom Workshops proceedings<\/strong> to be published by IEEE and included in the IEEE Xplore digital library. An <strong>award<\/strong> will be given to the Best WiP contribution, based on submissions and presentations.<\/p>\n<p>Topics of interest include, but are not limited to:<\/p>\n<ul>\n<li><strong>Foundational Theory and Modeling<\/strong>: Context modelling and reasoning, Programming paradigms for pervasive computing, Spatio-temporal modeling techniques, Complex networks, Adaptive computing, Activity and emotion recognition.<\/li>\n<li><strong>Machine Learning and Artificial Intelligence for Pervasive Computing<\/strong>: Machine learning and deep learning applications in pervasive computing, Federated learning and Edge AI for pervasive computing, Causal learning, Cognitive computing, Large Language <br \/>Models for pervasive computing.<\/li>\n<li><strong>Pervasive System Infrastructure and Architecture<\/strong>: Middleware systems and services, Clouds, fog and edge computing, Data engineering for pervasive computing,\u00a0 Integrations of smartphones in pervasive experiences.<\/li>\n<li><strong>Devices, Sensors, and Hardware<\/strong>: Mobile and wearable systems, IoT and sensor systems, RFID systems, Smart devices and environments, Energy-harvesting, self-powered, or battery-less systems, Wireless crowd-recharging, Positioning and tracking technologies, Device-free human sensing.<\/li>\n<li><strong>Networking and Coordination<\/strong>: Opportunistic networks, Device-to-device coordination, Architectures and protocols for pervasive communications, 3D networks.<\/li>\n<li><strong>Human Factors and Social Computing<\/strong>: User interface, interaction, and persuasion, Participatory and social sensing, Online and offline social networking, Trust, security, and privacy, Human-machine collaboration, Ethical aspects of pervasive computing.<\/li>\n<li><strong>Application Domains<\/strong>: Healthcare and well-being applications, Smart homes and virtual assistants, Urban\/mobile crowdsensing and intelligence, Augmented\/Virtual Reality, Cyber-physical systems, Innovative applications (sports analytics, crime prevention, pervasive nowcasting), Urban Robotics, Smart Vehicles, Disaster Sensing\/Management, PerCom for space applications, Pervasive data <br \/>science.<\/li>\n<\/ul>\n<h3><strong>Submission Instructions<\/strong><\/h3>\n<p>Paper submissions must be made via <strong><a href=\"https:\/\/edas.info\" target=\"_blank\" rel=\"noopener\">edas<\/a><\/strong>. The direct submission link for the PerCom 2025 Work-in-Progress track is <strong><a href=\"https:\/\/edas.info\/N34022\" target=\"_blank\" rel=\"noopener\">https:\/\/edas.info\/N34022<\/a><\/strong>; paper submissions will be possible from September 1, 2025.<\/p>\n<p>Authors are invited to submit original, unpublished manuscripts in <strong>two-column IEEE proceedings style in PDF format<\/strong> (<strong>no more than 4 pages<\/strong> including figures, tables, and references, US letter paper size, i.e., 8.5&#215;11 inches). PerCom WIP will follow a <em>single-blind policy (<\/em>i.e., all authors&#8217; contact information must be included on the first page). The official IEEE manuscript template for conference proceedings, as well as more detailed formatting instructions, can be found at <strong><a href=\"https:\/\/www.ieee.org\/conferences\/publishing\/templates.html\" target=\"_blank\" rel=\"noopener\">https:\/\/www.ieee.org\/conferences\/publishing\/templates.html<\/a><\/strong>. All submitted manuscripts will be reviewed by the WiP Technical Program Committee.<\/p>\n<p>Accepted papers <strong>must be presented in person<\/strong> during the main conference&#8217;s poster session by one of the authors. At least one author of each WiP paper must have a full conference registration, with one registration covering up to two papers. Failure to comply with this requirement will result in the exclusion of the paper from the final proceedings, the conference program and from the IEEE Digital Library, and the paper will not be eligible for the Best WiP Paper Award.<\/p>\n<h3><strong>Important Dates<\/strong><\/h3>\n<p><strong>Submission Deadline<\/strong>: <strong><del>November 17, 2025, 23:59 AoE<\/del> <span style=\"color: #ff0000;\">November 26, 2025, 23:59 AoE<\/span><\/strong><br \/><strong>Notification of Acceptance<\/strong>: <strong>January 12, 2026, 23:59 AoE<\/strong><br \/><strong>Camera Ready Deadline<\/strong>: <strong>February 2, 2026, 23:59 AoE<\/strong><\/p>\n<p>For more information, check the PerCom Important Dates page.<\/p>\n<h3><strong>WiP Chairs<\/strong><\/h3>\n<p>Tristan Braud, Hong Kong University of Science and Technology, Hong Kong<br \/>Andreas Reinhardt, TU Clausthal, Germany<\/p>\n<h3><strong>Program Committee Members<\/strong><\/h3>\n<p>Christine Bassem, Wellesley College<br \/>Alex Cabral, Georgia Tech<br \/>Sandip Chakraborty, Indian Institute of Technology Kharagpur<br \/>Gabriele Civitarese, University of Milan<br \/>Donghui Dai, The Hong Kong Polytechnic University<br \/>Yi Ding, University of Texas at Dallas<br \/>Janick Edinger, University of Hamburg<br \/>Indrajeet Ghosh, University of Maryland Baltimore County<br \/>Abdelwahed Khamis, CSIRO<br \/>Christian Krupitzer, Universit\u00e4t Hohenheim<br \/>Abhishek Kumar, University of Jyv\u00e4skyl\u00e4<br \/>Stephen Lee, University of Pittsburgh<br \/>Tamer Nadeem, Virginia Commonwealth University<br \/>Nobuhiko Nishio, Ritsumeikan University<br \/>Daniele Puccinelli, University of Applied Sciences and Arts of Southern Switzerland (SUPSI)<br \/>Vitor Rey, Deutsches Forschungszentrum f\u00fcr K\u00fcnstliche Intelligenz<br \/>Anna Lina Ruscelli, Scuola Superiore Sant&#8217;Anna<br \/>Gregor Schiele, University of Duisburg-Essen<br \/>Argha Sen, Indian Institute of Technology Kharagpur<br \/>Lorenzo Valerio, IIT-CNR<br \/>Hirozumi Yamaguchi, The University of Osaka<br \/>Juan Ye, University of St Andrews<br \/>JinYi Yoon, Virginia Tech<br \/>Kristina Yordanova, University of Greifswald<\/p>\n<h3><strong>Contact information<\/strong><\/h3>\n<p><strong><a href=\"mailto:percomwippapers2026-chair@edas.info\">percomwippapers2026-chair@edas.info<\/a><\/strong><\/p>\n\n\n<p class=\"\"><\/p>\n","protected":false},"excerpt":{"rendered":"<p>IEEE PerCom is the premier annual scholarly venue in pervasive computing and communications. Pervasive computing has been and is still a very active research area, finding its way into many commercial and consumer systems and applications due to tremendous advances in a broad spectrum of technologies and topics such as wireless networking, mobile, and distributed computing, sensor and actuator systems, ambient intelligence, and smart mobile and embedded devices. Due to the pervasiveness of such systems, users become central in the development and realization of innovative pervasive systems. Advances in all these fields have led to innovative platforms, protocols, systems, and applications but still, a lot can be done to improve their quality, sustainability, and acceptance and new solutions can be further proposed. In 2026, PerCom will be held in Pisa, Italy, as an entirely in-person event. The Work in Progress (WiP) session provides an opportunity to present and discuss new challenges and visions, showcase early research results, and explore novel research directions. The specific aim of the WiP session is to provide a forum for timely presentation, discussion and feedback for novel, controversial, and thought-provoking ideas. Contributions are solicited in all areas of pervasive computing research and applications. Papers are expected to report on early or ongoing research on any aspect of pervasive computing and communications, and should clearly document how they relate to these topics. Preliminary experimental results are appreciated. Given their nature, WiP papers are expected to also highlight concrete future directions. Accepted papers will be included in PerCom Workshops proceedings to be published by IEEE and included in the IEEE Xplore digital library. An award will be given to the Best WiP contribution, based on submissions and presentations. Topics of interest include, but are not limited to: Foundational Theory and Modeling: Context modelling and reasoning, Programming paradigms for pervasive computing, Spatio-temporal modeling techniques, Complex networks, Adaptive computing, Activity and emotion recognition. Machine Learning and Artificial Intelligence for Pervasive Computing: Machine learning and deep learning applications in pervasive computing, Federated learning and Edge AI for pervasive computing, Causal learning, Cognitive computing, Large Language Models for pervasive computing. Pervasive System Infrastructure and Architecture: Middleware systems and services, Clouds, fog and edge computing, Data engineering for pervasive computing,\u00a0 Integrations of smartphones in pervasive experiences. Devices, Sensors, and Hardware: Mobile and wearable systems, IoT and sensor systems, RFID systems, Smart devices and environments, Energy-harvesting, self-powered, or battery-less systems, Wireless crowd-recharging, Positioning and tracking technologies, Device-free human sensing. Networking and Coordination: Opportunistic networks, Device-to-device coordination, Architectures and protocols for pervasive communications, 3D networks. Human Factors and Social Computing: User interface, interaction, and persuasion, Participatory and social sensing, Online and offline social networking, Trust, security, and privacy, Human-machine collaboration, Ethical aspects of pervasive computing. Application Domains: Healthcare and well-being applications, Smart homes and virtual assistants, Urban\/mobile crowdsensing and intelligence, Augmented\/Virtual Reality, Cyber-physical systems, Innovative applications (sports analytics, crime prevention, pervasive nowcasting), Urban Robotics, Smart Vehicles, Disaster Sensing\/Management, PerCom for space applications, Pervasive data science. Submission Instructions Paper submissions must be made via edas. The direct submission link for the PerCom 2025 Work-in-Progress track is https:\/\/edas.info\/N34022; paper submissions will be possible from September 1, 2025. Authors are invited to submit original, unpublished manuscripts in two-column IEEE proceedings style in PDF format (no more than 4 pages including figures, tables, and references, US letter paper size, i.e., 8.5&#215;11 inches). PerCom WIP will follow a single-blind policy (i.e., all authors&#8217; contact information must be included on the first page). The official IEEE manuscript template for conference proceedings, as well as more detailed formatting instructions, can be found at https:\/\/www.ieee.org\/conferences\/publishing\/templates.html. All submitted manuscripts will be reviewed by the WiP Technical Program Committee. Accepted papers must be presented in person during the main conference&#8217;s poster session by one of the authors. At least one author of each WiP paper must have a full conference registration, with one registration covering up to two papers. Failure to comply with this requirement will result in the exclusion of the paper from the final proceedings, the conference program and from the IEEE Digital Library, and the paper will not be eligible for the Best WiP Paper Award. Important Dates Submission Deadline: November 17, 2025, 23:59 AoE November 26, 2025, 23:59 AoENotification of Acceptance: January 12, 2026, 23:59 AoECamera Ready Deadline: February 2, 2026, 23:59 AoE For more information, check the PerCom Important Dates page. WiP Chairs Tristan Braud, Hong Kong University of Science and Technology, Hong KongAndreas Reinhardt, TU Clausthal, Germany Program Committee Members Christine Bassem, Wellesley CollegeAlex Cabral, Georgia TechSandip Chakraborty, Indian Institute of Technology KharagpurGabriele Civitarese, University of MilanDonghui Dai, The Hong Kong Polytechnic UniversityYi Ding, University of Texas at DallasJanick Edinger, University of HamburgIndrajeet Ghosh, University of Maryland Baltimore CountyAbdelwahed Khamis, CSIROChristian Krupitzer, Universit\u00e4t HohenheimAbhishek Kumar, University of Jyv\u00e4skyl\u00e4Stephen Lee, University of PittsburghTamer Nadeem, Virginia Commonwealth UniversityNobuhiko Nishio, Ritsumeikan UniversityDaniele Puccinelli, University of Applied Sciences and Arts of Southern Switzerland (SUPSI)Vitor Rey, Deutsches Forschungszentrum f\u00fcr K\u00fcnstliche IntelligenzAnna Lina Ruscelli, Scuola Superiore Sant&#8217;AnnaGregor Schiele, University of Duisburg-EssenArgha Sen, Indian Institute of Technology KharagpurLorenzo Valerio, IIT-CNRHirozumi Yamaguchi, The University of OsakaJuan Ye, University of St AndrewsJinYi Yoon, Virginia TechKristina Yordanova, University of Greifswald Contact information percomwippapers2026-chair@edas.info<\/p>\n","protected":false},"author":9,"featured_media":0,"parent":0,"menu_order":0,"comment_status":"closed","ping_status":"closed","template":"","meta":{"_acf_changed":false,"nf_dc_page":"","om_disable_all_campaigns":false,"_monsterinsights_skip_tracking":false,"_monsterinsights_sitenote_active":false,"_monsterinsights_sitenote_note":"","_monsterinsights_sitenote_category":0,"footnotes":""},"class_list":["post-564","page","type-page","status-publish"],"acf":[],"aioseo_notices":[],"jetpack_sharing_enabled":true,"_links":{"self":[{"href":"https:\/\/percom.org\/2026\/wp-json\/wp\/v2\/pages\/564","targetHints":{"allow":["GET"]}}],"collection":[{"href":"https:\/\/percom.org\/2026\/wp-json\/wp\/v2\/pages"}],"about":[{"href":"https:\/\/percom.org\/2026\/wp-json\/wp\/v2\/types\/page"}],"author":[{"embeddable":true,"href":"https:\/\/percom.org\/2026\/wp-json\/wp\/v2\/users\/9"}],"replies":[{"embeddable":true,"href":"https:\/\/percom.org\/2026\/wp-json\/wp\/v2\/comments?post=564"}],"version-history":[{"count":5,"href":"https:\/\/percom.org\/2026\/wp-json\/wp\/v2\/pages\/564\/revisions"}],"predecessor-version":[{"id":1321,"href":"https:\/\/percom.org\/2026\/wp-json\/wp\/v2\/pages\/564\/revisions\/1321"}],"wp:attachment":[{"href":"https:\/\/percom.org\/2026\/wp-json\/wp\/v2\/media?parent=564"}],"curies":[{"name":"wp","href":"https:\/\/api.w.org\/{rel}","templated":true}]}}