{"id":1971,"date":"2025-02-02T18:59:07","date_gmt":"2025-02-02T18:59:07","guid":{"rendered":"https:\/\/www.percom.org\/?page_id=1971"},"modified":"2025-02-06T01:05:44","modified_gmt":"2025-02-06T01:05:44","slug":"accepted-papers-wip","status":"publish","type":"page","link":"https:\/\/percom.org\/2025\/accepted-papers-wip\/","title":{"rendered":"Accepted Papers (WiP)"},"content":{"rendered":"\n<p class=\"\">[Work-In-Progress Papers]<\/p>\n\n\n\n<p class=\"\"><strong>[276] AquaCam: An ML-enhanced Low-Cost, Deploy-Anywhere Water Level Detection Sensor<\/strong><br>Jacob Latham (Tennessee Technological University,United States), Grace Dadzie (Tennessee Technological University,United States), Susmit Shannigrahi (Tennessee Technological University,United States), Alfred Kalyanapu (Tennessee Technological University,United States)<\/p>\n\n\n\n<p class=\"\"><strong>[401] Can Vehicles Foresee Communication Disruptions?: Feasibility of V2X Network Digital Twin<\/strong><br>Takamasa Higuchi (Toyota Motor Corporation,Japan), Masaki Takanashi (Toyota Central R&amp;D Labs., Inc.,Japan), Kengo Sasaki (Toyota Central R&amp;D Labs., Inc.,Japan), Yuma Taguchi (Toyota Central R&amp;D Labs., Inc.,Japan), Katsushi Sanda (Toyota Central R&amp;D Labs., Inc.,Japan)<\/p>\n\n\n\n<p class=\"\"><strong>[410] Representation learning enables uncovering psychophysiological states from wearable data<\/strong><br>Dominika Kunc (Wroc\u0142aw University of Science ans Technology,Poland), Stanislaw Saganowski (Wroclaw University of Science and Technology,Poland)<\/p>\n\n\n\n<p class=\"\"><strong>[412] Supporting Multi-Purpose Satellite with TZ2C Onboard Processing Capabilities<\/strong><br>Fanjiang Xu (Institute of Software, Chinese Academy of Sciences,China), Ming Wang (Institute of Software, Chinese Academy of Sciences,China), Youmei Pan (Institute of Software, Chinese Academy of Sciences,China), Jing Sun (Institute of Software, Chinese Academy of Sciences,China), Jinwen Li (Institute of Software, Chinese Academy of Sciences,China), Peng Wang (Institute of Software, Chinese Academy of Sciences,China)<\/p>\n\n\n\n<p class=\"\"><strong>[413] Tracking Ephemeral and Residual Emotions via Earable Inertial Sensing During Media Consumption<\/strong><br>Sameeran Ravishankar Zingre (Department of Computer Science and Engineering, Indian Institute of Technology Jodhpur,India), Garvit Chugh (Department of Computer Science and Engineering, Indian Institute of Technology Jodhpur,India), Suchetana Chakraborty (Department of Computer Science and Engineering, Indian Institute of Technology Jodhpur,India)<\/p>\n\n\n\n<p class=\"\"><strong>[419] SiTies: A Platform for Enhancing IoT System Security in Smart Cities<\/strong><br>Mariusz G\u0142\u0105bowski (Poznan University of Technology,Poland), Micha\u0142 Weissenberg (Poznan University of Technology,Poland), Maciej Sobieraj (Poznan University of Technology,Poland), Marek Fechner (Poznan University of Technology,Poland), Jakub Grzelski (Poznan University of Technology,Poland), Maja Ma\u0107kowiak (Poznan University of Technology,Poland)&#8221;<\/p>\n\n\n\n<p class=\"\"><strong>[420] mmTraffic : Live In-car Traffic Monitoring using mmWave Sensing<\/strong><br>Rajib Sarkar (Indian Institute of Technology Kharagpur,India), Argha Sen (Indian Institute of Technology Kharagpur,India), Sandip Chakraborty (Indian Institute of Technology Kharagpur,India)<\/p>\n\n\n\n<p class=\"\"><strong>[421] Towards Multi-dimensional Elasticity for Pervasive Stream Processing Services<\/strong><br>Boris Sedlak (TU Wien,Austria), Andrea Morichetta (TU Wien,Austria), Phillipp Raith (TU Wien,Austria), V\u00edctor Casamayor Pujol (DISL &#8211; UPF,Spain), Schahram Dustdar (TU Wien,Austria)<\/p>\n\n\n\n<p class=\"\"><strong>[426] Radio Resource Optimization in LoRa IoT Networks for Smart Cities: An Approach Based on the Firefly Algorithm<\/strong><br>Rayane Seraphim (UFG,Brazil), Antonio Oliveira-Jr (UFG,Brazil), Waldir Moreira (Fraunhofer AICOS,Portugal)<\/p>\n\n\n\n<p class=\"\"><strong>[428] Power PUFs: Strengthening SRAM PUFs Against Fault Injection on Low-Cost IoT Devices<\/strong><br>Abhinav Komanduri (University of Arkansas,United States), Alexander Nelson (University of Arkansas,United States)<\/p>\n\n\n\n<p class=\"\"><strong>[431] Efficient Privacy-Preserving Data Annotation via Active PrivBayes Synthetic Data Generation<\/strong><br>Osamu Saisho (NTT,Japan), Takayuki Miura (NTT,Japan), Kazuki Iwahana (NTT,Japan), Masanobu Kii (NTT,Japan), Rina Okada (NTT,Japan)<\/p>\n\n\n\n<p class=\"\"><strong>[432] Participatory Crowdsensing for the Collection of Pickup and Delivery Data<\/strong><br>Victoria Lee (Wellesley College,United States), Amelia Zhang (Wellesley College,United States), Christine Bassem (Wellesley College,United States)<\/p>\n\n\n\n<p class=\"\"><strong>[433] On-Device Emotion Recognition from Spoken Language in Embedded Devices<\/strong><br>Neeraj Boddeda (IIT Kharagpur, India), Sharvari Wanjari (IIT Kharagpur,India), Shashank Goud Boorgu (IIT Kharagpur,India), Prasenjit Karmakar (IIT Kharagpur,India), Sandip Chakraborty (Indian Institute of Technology Kharagpur,India)<\/p>\n\n\n\n<p class=\"\"><strong>[441] Exploring Large Language Models in Active Learning for Annotating Physical Sensing Data<\/strong><br>Aritra Hota (IIT Kharagpur,India), Soumyajit Chatterjee (Nokia Bell Labs, Cambridge,United Kingdom), Sandip Chakraborty (Indian Institute of Technology Kharagpur,India)<\/p>\n\n\n\n<p class=\"\"><strong>[442] Initial Findings on Sensor based Open Vocabulary Activity Recognition via Text Embedding Inversion<\/strong><br>Lala Shakti Swarup Ray (DFKI Kaiserslautern,Germany), Bo Zhou (DFKI &amp; RPTU Kaiserslautern,Germany), Sungho Suh (DFKI &amp; RPTU Kaiserslautern,Germany), Paul Lukowicz (DFKI &amp; RPTU Kaiserslautern,Germany)<\/p>\n\n\n\n<p class=\"\"><strong>[465] SandDune: Single ANtenna Device for Detecting User\u2019s Natural Eating Habits<\/strong><br>Shreyans Jain (BITS Pilani Goa Campus, India), Yash Bhisikar (BITS Pilani Goa Campus, India), Surjya Ghosh (BITS Pilani Goa Campus, India), Timothy Pierson (Dartmouth College,United States), Sougata Sen (BITS Pilani Goa Campus, India)<\/p>\n","protected":false},"excerpt":{"rendered":"<p>[Work-In-Progress Papers] [276] AquaCam: An ML-enhanced Low-Cost, Deploy-Anywhere Water Level Detection SensorJacob Latham (Tennessee Technological University,United States), Grace Dadzie (Tennessee Technological University,United States), Susmit Shannigrahi (Tennessee Technological University,United States), Alfred Kalyanapu (Tennessee Technological University,United States) [401] Can Vehicles Foresee Communication Disruptions?: Feasibility of V2X Network Digital TwinTakamasa Higuchi (Toyota Motor Corporation,Japan), Masaki Takanashi (Toyota Central [&#8230;]<\/p>\n<p><a class=\"btn btn-secondary understrap-read-more-link\" href=\"https:\/\/percom.org\/2025\/accepted-papers-wip\/\">Read More&#8230;<span class=\"screen-reader-text\"> from Accepted Papers (WiP)<\/span><\/a><\/p>\n","protected":false},"author":7,"featured_media":0,"parent":0,"menu_order":0,"comment_status":"closed","ping_status":"closed","template":"","meta":{"nf_dc_page":"","om_disable_all_campaigns":false,"_monsterinsights_skip_tracking":false,"_monsterinsights_sitenote_active":false,"_monsterinsights_sitenote_note":"","_monsterinsights_sitenote_category":0,"footnotes":""},"class_list":["post-1971","page","type-page","status-publish","hentry"],"yoast_head":"<!-- This site is optimized with the Yoast SEO plugin v27.3 - https:\/\/yoast.com\/product\/yoast-seo-wordpress\/ -->\n<title>Accepted Papers (WiP) - IEEE International Conference on Pervasive Computing and Communication<\/title>\n<meta name=\"robots\" content=\"index, follow, max-snippet:-1, max-image-preview:large, max-video-preview:-1\" \/>\n<link rel=\"canonical\" href=\"https:\/\/percom.org\/2025\/accepted-papers-wip\/\" \/>\n<meta property=\"og:locale\" content=\"en_US\" \/>\n<meta property=\"og:type\" content=\"article\" \/>\n<meta property=\"og:title\" content=\"Accepted Papers (WiP) - IEEE International Conference on Pervasive Computing and Communication\" \/>\n<meta property=\"og:description\" content=\"[Work-In-Progress Papers] [276] AquaCam: An ML-enhanced Low-Cost, Deploy-Anywhere Water Level Detection SensorJacob Latham (Tennessee Technological University,United States), Grace Dadzie (Tennessee Technological University,United States), Susmit Shannigrahi (Tennessee Technological University,United States), Alfred Kalyanapu (Tennessee Technological University,United States) [401] Can Vehicles Foresee Communication Disruptions?: Feasibility of V2X Network Digital TwinTakamasa Higuchi (Toyota Motor Corporation,Japan), Masaki Takanashi (Toyota Central [...]Read More... from Accepted Papers (WiP)\" \/>\n<meta property=\"og:url\" content=\"https:\/\/percom.org\/2025\/accepted-papers-wip\/\" \/>\n<meta property=\"og:site_name\" content=\"IEEE International Conference on Pervasive Computing and Communication\" \/>\n<meta property=\"article:modified_time\" content=\"2025-02-06T01:05:44+00:00\" \/>\n<meta name=\"twitter:card\" content=\"summary_large_image\" \/>\n<meta name=\"twitter:label1\" content=\"Est. reading time\" \/>\n\t<meta name=\"twitter:data1\" content=\"3 minutes\" \/>\n<script type=\"application\/ld+json\" class=\"yoast-schema-graph\">{\"@context\":\"https:\\\/\\\/schema.org\",\"@graph\":[{\"@type\":\"WebPage\",\"@id\":\"https:\\\/\\\/percom.org\\\/2025\\\/accepted-papers-wip\\\/\",\"url\":\"https:\\\/\\\/percom.org\\\/2025\\\/accepted-papers-wip\\\/\",\"name\":\"Accepted Papers (WiP) - IEEE International Conference on Pervasive Computing and Communication\",\"isPartOf\":{\"@id\":\"https:\\\/\\\/percom.org\\\/2025\\\/#website\"},\"datePublished\":\"2025-02-02T18:59:07+00:00\",\"dateModified\":\"2025-02-06T01:05:44+00:00\",\"breadcrumb\":{\"@id\":\"https:\\\/\\\/percom.org\\\/2025\\\/accepted-papers-wip\\\/#breadcrumb\"},\"inLanguage\":\"en-US\",\"potentialAction\":[{\"@type\":\"ReadAction\",\"target\":[\"https:\\\/\\\/percom.org\\\/2025\\\/accepted-papers-wip\\\/\"]}]},{\"@type\":\"BreadcrumbList\",\"@id\":\"https:\\\/\\\/percom.org\\\/2025\\\/accepted-papers-wip\\\/#breadcrumb\",\"itemListElement\":[{\"@type\":\"ListItem\",\"position\":1,\"name\":\"Home\",\"item\":\"https:\\\/\\\/percom.org\\\/2025\\\/\"},{\"@type\":\"ListItem\",\"position\":2,\"name\":\"Accepted Papers (WiP)\"}]},{\"@type\":\"WebSite\",\"@id\":\"https:\\\/\\\/percom.org\\\/2025\\\/#website\",\"url\":\"https:\\\/\\\/percom.org\\\/2025\\\/\",\"name\":\"IEEE International Conference on Pervasive Computing and Communication\",\"description\":\"IEEE PerCom - the premier IEEE conference on pervasive computing\",\"publisher\":{\"@id\":\"https:\\\/\\\/percom.org\\\/2025\\\/#organization\"},\"potentialAction\":[{\"@type\":\"SearchAction\",\"target\":{\"@type\":\"EntryPoint\",\"urlTemplate\":\"https:\\\/\\\/percom.org\\\/2025\\\/?s={search_term_string}\"},\"query-input\":{\"@type\":\"PropertyValueSpecification\",\"valueRequired\":true,\"valueName\":\"search_term_string\"}}],\"inLanguage\":\"en-US\"},{\"@type\":\"Organization\",\"@id\":\"https:\\\/\\\/percom.org\\\/2025\\\/#organization\",\"name\":\"IEEE International Conference on Pervasive Computing and Communication\",\"url\":\"https:\\\/\\\/percom.org\\\/2025\\\/\",\"logo\":{\"@type\":\"ImageObject\",\"inLanguage\":\"en-US\",\"@id\":\"https:\\\/\\\/percom.org\\\/2025\\\/#\\\/schema\\\/logo\\\/image\\\/\",\"url\":\"https:\\\/\\\/i0.wp.com\\\/percom.org\\\/2025\\\/wp-content\\\/uploads\\\/2025\\\/02\\\/final_banner.png?fit=8972%2C3150&ssl=1\",\"contentUrl\":\"https:\\\/\\\/i0.wp.com\\\/percom.org\\\/2025\\\/wp-content\\\/uploads\\\/2025\\\/02\\\/final_banner.png?fit=8972%2C3150&ssl=1\",\"width\":8972,\"height\":3150,\"caption\":\"IEEE International Conference on Pervasive Computing and Communication\"},\"image\":{\"@id\":\"https:\\\/\\\/percom.org\\\/2025\\\/#\\\/schema\\\/logo\\\/image\\\/\"}}]}<\/script>\n<!-- \/ Yoast SEO plugin. -->","yoast_head_json":{"title":"Accepted Papers (WiP) - IEEE International Conference on Pervasive Computing and Communication","robots":{"index":"index","follow":"follow","max-snippet":"max-snippet:-1","max-image-preview":"max-image-preview:large","max-video-preview":"max-video-preview:-1"},"canonical":"https:\/\/percom.org\/2025\/accepted-papers-wip\/","og_locale":"en_US","og_type":"article","og_title":"Accepted Papers (WiP) - IEEE International Conference on Pervasive Computing and Communication","og_description":"[Work-In-Progress Papers] [276] AquaCam: An ML-enhanced Low-Cost, Deploy-Anywhere Water Level Detection SensorJacob Latham (Tennessee Technological University,United States), Grace Dadzie (Tennessee Technological University,United States), Susmit Shannigrahi (Tennessee Technological University,United States), Alfred Kalyanapu (Tennessee Technological University,United States) [401] Can Vehicles Foresee Communication Disruptions?: Feasibility of V2X Network Digital TwinTakamasa Higuchi (Toyota Motor Corporation,Japan), Masaki Takanashi (Toyota Central [...]Read More... from Accepted Papers (WiP)","og_url":"https:\/\/percom.org\/2025\/accepted-papers-wip\/","og_site_name":"IEEE International Conference on Pervasive Computing and Communication","article_modified_time":"2025-02-06T01:05:44+00:00","twitter_card":"summary_large_image","twitter_misc":{"Est. reading time":"3 minutes"},"schema":{"@context":"https:\/\/schema.org","@graph":[{"@type":"WebPage","@id":"https:\/\/percom.org\/2025\/accepted-papers-wip\/","url":"https:\/\/percom.org\/2025\/accepted-papers-wip\/","name":"Accepted Papers (WiP) - IEEE International Conference on Pervasive Computing and Communication","isPartOf":{"@id":"https:\/\/percom.org\/2025\/#website"},"datePublished":"2025-02-02T18:59:07+00:00","dateModified":"2025-02-06T01:05:44+00:00","breadcrumb":{"@id":"https:\/\/percom.org\/2025\/accepted-papers-wip\/#breadcrumb"},"inLanguage":"en-US","potentialAction":[{"@type":"ReadAction","target":["https:\/\/percom.org\/2025\/accepted-papers-wip\/"]}]},{"@type":"BreadcrumbList","@id":"https:\/\/percom.org\/2025\/accepted-papers-wip\/#breadcrumb","itemListElement":[{"@type":"ListItem","position":1,"name":"Home","item":"https:\/\/percom.org\/2025\/"},{"@type":"ListItem","position":2,"name":"Accepted Papers (WiP)"}]},{"@type":"WebSite","@id":"https:\/\/percom.org\/2025\/#website","url":"https:\/\/percom.org\/2025\/","name":"IEEE International Conference on Pervasive Computing and Communication","description":"IEEE PerCom - the premier IEEE conference on pervasive computing","publisher":{"@id":"https:\/\/percom.org\/2025\/#organization"},"potentialAction":[{"@type":"SearchAction","target":{"@type":"EntryPoint","urlTemplate":"https:\/\/percom.org\/2025\/?s={search_term_string}"},"query-input":{"@type":"PropertyValueSpecification","valueRequired":true,"valueName":"search_term_string"}}],"inLanguage":"en-US"},{"@type":"Organization","@id":"https:\/\/percom.org\/2025\/#organization","name":"IEEE International Conference on Pervasive Computing and Communication","url":"https:\/\/percom.org\/2025\/","logo":{"@type":"ImageObject","inLanguage":"en-US","@id":"https:\/\/percom.org\/2025\/#\/schema\/logo\/image\/","url":"https:\/\/i0.wp.com\/percom.org\/2025\/wp-content\/uploads\/2025\/02\/final_banner.png?fit=8972%2C3150&ssl=1","contentUrl":"https:\/\/i0.wp.com\/percom.org\/2025\/wp-content\/uploads\/2025\/02\/final_banner.png?fit=8972%2C3150&ssl=1","width":8972,"height":3150,"caption":"IEEE International Conference on Pervasive Computing and Communication"},"image":{"@id":"https:\/\/percom.org\/2025\/#\/schema\/logo\/image\/"}}]}},"jetpack_sharing_enabled":true,"_links":{"self":[{"href":"https:\/\/percom.org\/2025\/wp-json\/wp\/v2\/pages\/1971","targetHints":{"allow":["GET"]}}],"collection":[{"href":"https:\/\/percom.org\/2025\/wp-json\/wp\/v2\/pages"}],"about":[{"href":"https:\/\/percom.org\/2025\/wp-json\/wp\/v2\/types\/page"}],"author":[{"embeddable":true,"href":"https:\/\/percom.org\/2025\/wp-json\/wp\/v2\/users\/7"}],"replies":[{"embeddable":true,"href":"https:\/\/percom.org\/2025\/wp-json\/wp\/v2\/comments?post=1971"}],"version-history":[{"count":3,"href":"https:\/\/percom.org\/2025\/wp-json\/wp\/v2\/pages\/1971\/revisions"}],"predecessor-version":[{"id":2094,"href":"https:\/\/percom.org\/2025\/wp-json\/wp\/v2\/pages\/1971\/revisions\/2094"}],"wp:attachment":[{"href":"https:\/\/percom.org\/2025\/wp-json\/wp\/v2\/media?parent=1971"}],"curies":[{"name":"wp","href":"https:\/\/api.w.org\/{rel}","templated":true}]}}