{"id":1893,"date":"2025-01-17T18:16:01","date_gmt":"2025-01-17T18:16:01","guid":{"rendered":"https:\/\/www.percom.org\/?page_id=1893"},"modified":"2025-02-05T17:56:54","modified_gmt":"2025-02-05T17:56:54","slug":"accepted-papers-main-conference","status":"publish","type":"page","link":"https:\/\/percom.org\/2025\/accepted-papers-main-conference\/","title":{"rendered":"Accepted Papers (Main Conference)"},"content":{"rendered":"\n<h2 class=\"wp-block-heading\">Full Length Papers<\/h2>\n\n\n\n<p class=\"\"><\/p>\n\n\n\n<p class=\"\"><strong>OCTOPINF: Workload-Aware Real-Time Inference Serving for Edge Video Analytics<br><\/strong>Thanh-Tung Nguyen (Korea Advanced Institute of Science and Technology), Lucas Liebe (Korea Advanced Institute of Science and Technology), Nhat-Quang Tau (Korea Advanced Institute of Science and Technology), Yuheng Wu (Korea Advanced Institute of Science and Technology), Jinghan Cheng (Korea Advanced Institute of Science and Technology) and Dongman Lee (Korea Advanced Institute of Science and Technology)<\/p>\n\n\n\n<p class=\"\"><strong>MuJo: Multimodal Joint Feature Space Learning for Human Activity Recognition<br><\/strong>Stefan Gerd Fritsch (Deutsches Forschungszentrum f\u00fcr K\u00fcnstliche Intelligenz), Cennet Oguz (Deutsches Forschungszentrum f\u00fcr K\u00fcnstliche Intelligenz), Vitor Fortes Rey (Deutsches Forschungszentrum f\u00fcr K\u00fcnstliche Intelligenz), Lala Ray (Deutsches Forschungszentrum f\u00fcr K\u00fcnstliche Intelligenz), Maximilian Kiefer-Emmanouilidis (Deutsches Forschungszentrum f\u00fcr K\u00fcnstliche Intelligenz), and Paul Lukowicz (Deutsches Forschungszentrum f\u00fcr K\u00fcnstliche Intelligenz)<\/p>\n\n\n\n<p class=\"\"><strong>RespEar: Earable-Based Robust Respiratory Rate Monitoring<br><\/strong>Yang Liu (University of Cambridge), Kayla-Jade Butkow (University of Cambridge), Jake Stuchbury-Wass (University of Cambridge), Adam Pullin (University of Cambridge), Dong Ma (Singapore Management University), and Cecilia Mascolo (University of Cambridge)<\/p>\n\n\n\n<p class=\"\"><strong>WalkEar: Holistic Gait Monitoring using Earables<br><\/strong>Jake Stuchbury-Wass (University of Cambridge), Yang Liu (University of Cambridge), Kayla-Jade Butkow (University of Cambridge), Josh Carter (University of Bath), Qiang Yang (University of Cambridge), Mathias Ciliberto (University of Cambridge), Ezio Preatoni (University of Bath), Dong Ma (Singapore Management University), and Cecilia Mascolo (University of Cambridge)<\/p>\n\n\n\n<p class=\"\"><strong>FineSat: Enhancing GNSS Signals for High-precision Sensing<br><\/strong>Anlan Yu (Peking University), Xuanzhi Wang (Peking University), Pei Wang (Institut Polytechnique de Paris), Jinkun Li (JD), Xujun Ma (Institut Polytechnique de Paris), Zhiqing Hong (Rutgers University), Haotian Wang (JD), Yi Ding (University of Texas at Dallas) and Daqing Zhang (Peking University)<\/p>\n\n\n\n<p class=\"\"><strong>CollageMap: Tailoring Generative Fingerprint Map via Obstacle-Aware Adaptation for Site-Survey-Free Indoor Localization<br><\/strong>Yeawon You (Ewha Womans University), Jinyi Yoon (Virginia Tech), Dayeon Kang (University of Massachusetts at Amherst), Jeewoon Kim (University of California, Irvine),  and Hyungjune Lee (Ewha Womans University)<\/p>\n\n\n\n<p class=\"\"><strong>InterHandNet: Capturing Two-hand Interaction for Robust Hand-washing Activity Recognition<br><\/strong>Yiqing Zhang (Osaka University) and Takuya Maekawa (Osaka University)<\/p>\n\n\n\n<p class=\"\"><strong>EcoVis: Towards Energy and Connectivity Optimized Visual Surveillance<br><\/strong>Manoj Lenka (Indian Institute of Technology, Madras) and Ayon Chakraborty (Indian Institute of Technology, Madras)<\/p>\n\n\n\n<p class=\"\"><strong>Multilevel Transfer Learning for Complex Work Activity Recognition in Logistic Domain<br><\/strong>Jaime Morales (Osaka University), Qingxin Xia (Osaka University), Naoya Yoshimura (Osaka University), Hirotomo Oshima (Toshiba), Masamitsu Fukuda (Toshiba), Yasuo Namioka (Advanced Institute of Industrial Technolog), and Takuya Maekawa (Osaka University)<\/p>\n\n\n\n<p class=\"\"><strong>Your Smart Home Exchanged 3M Messages: Defining and Analyzing Smart Device Passive Mode<br><\/strong>Christian Badolato (University of Maryland, Baltimore County), Kaur Kullman (University of Maryland, Baltimore County), Nikolaos Papadakis (Institut Polytechnique de Paris), Manav Bhatt (University of Maryland, Baltimore County), Georgios Bouloukakis (Institut Polytechnique de Paris), Don Engel (University of Maryland, Baltimore County), and Roberto Yus (University of Maryland, Baltimore County)<\/p>\n\n\n\n<p class=\"\"><strong>BiteSense: Earable-Based Inertial Sensing for Eating Behaviour Assessment<br><\/strong>Chugh Garvit (Indian Institute of Technology, Jodhpur), Indrajeet Ghosh (University of Maryland, Baltimore County), Sandip Chakraborty (Indian Institute of Technology, Kharagpur), and Suchetana Chakraborty (Indian Institute of Technology, Jodhpur)<\/p>\n\n\n\n<p class=\"\"><strong>CamFirm: A pair of headphones could guide you to the spy camera<br><\/strong>Qianru Liao (The Hong Kong University of Science and Technology), Jinyu Lin (The Hong Kong University of Science and Technology), Yongzhi Huang (Shenzhen University), Zijun Gong (The Hong Kong University of Science and Technology), and Kaishun Wu (The Hong Kong University of Science and Technology)<\/p>\n\n\n\n<p class=\"\"><strong>NeuralPrefix: A Zero-shot Sensory Data Imputation Plugin<br><\/strong>Abdelwahed Khamis (CSIRO) and Sara Khalifa (Queensland University of Technology)<\/p>\n\n\n\n<p class=\"\"><strong>In-bed Pressure Image-supported Diffusion for 3D Human Mesh Recovery<br><\/strong>Quan Wan (University of Science and Technology of China), Ziyu Wu (University of Science and Technology of China), Xiaohui Cai (University of Science and Technology of China), Mengting Niu (University of Science and Technology of China), and Fangting Xie (University of Science and Technology of China)<\/p>\n\n\n\n<p class=\"\"><strong>Teaching Things To Think: Bootstrapping Local Reasoning for Smart(er) Devices<br><\/strong>Evan King (The University of Texas at Austin), Haoxiang Yu (The University of Texas at Austin), Sahil Vartak (The University of Texas at Austin), Jenna Jacob (The University of Texas at Austin), Sangsu Lee (The University of Texas at Austin), and Christine Julien (The University of Texas at Austin &amp; Virginia Tech)<\/p>\n\n\n\n<h2 class=\"wp-block-heading\">Short Papers<\/h2>\n\n\n\n<p class=\"\"><strong>PAIL: Predictable and Adaptive Intermittent Lifecycling for Robust Coordination between Batteryless Systems<br><\/strong>Vishak Narayanan (Iowa State University), Mahmoud Gshash (Iowa State University), Vishal Deep (Iowa State University), Mathew L Wymore (Iowa State University), Daji Qiao (Iowa State University), Nathan M Neihart (Iowa State University), and Henry Duwe (Iowa State University)<\/p>\n\n\n\n<p class=\"\"><strong>Resource-Efficient Multiview Perception: Integrating Semantic Masking with Masked Autoencoders<br><\/strong>Kosta Dakic (University of Sydney), Kanchana Thilakarathna (University of Sydney), Rodrigo Calheiros (Western Sydney University), and Teng Joon Lim (University of Sydney)<\/p>\n\n\n\n<p class=\"\"><strong>ENOCH: ENabling On-body network Contention Handling<br><\/strong>Mengyao Liu (Katholieke Universiteit Leuven), Jonathan Oostvogels (Katholieke Universiteit Leuven), Bingwu Fang (Katholieke Universiteit Leuven), Sam Michiels (Katholieke Universiteit Leuven), Haoxiang Ma (IDSSE), Yang Yang (IDSSE), and Danny Hughes (Katholieke Universiteit Leuven)<\/p>\n\n\n\n<p class=\"\"><strong>The Power of Periodicity: Exploiting Periodic UWB CIRs for Robust Activity Recognition with Attention-aware Multi-level Wavelet<br><\/strong>Han Lin (Tokyo Institute of Technology), Atsushi Nomura (Tokyo Institute of Technology), Kota Tsubouchi (LY Corporation), Nobuhiko Nishio (Ritsumeikan University), and Masamichi Shimosaka (Tokyo Institute of Technology)<\/p>\n\n\n\n<p class=\"\"><strong>AdaOrb: Adapting In-Orbit Analytics Models for Location-aware Earth Observation Tasks<br><\/strong>Zhouyu Li (North Carolina State University), Pinxiang Wang (North Carolina State University), Xiaochun Liang (North Carolina State University), Xuanhao Luo (North Carolina State University), Yuchen Liu (North Carolina State University), Xiaojian Wang (North Carolina State University), Huayue Gu (North Carolina State University), and Ruozhou Yu (North Carolina State University)<\/p>\n\n\n\n<p class=\"\"><strong>CarVision: Vehicle Ranging and Tracking Using mmWave Radar for Enhanced Driver Safety<br><\/strong>Rajib Sarkar, Argha Sen (Indian Institute of Technology, Kharagpur), and Sandip Chakraborty (Indian Institute of Technology, Kharagpur)<\/p>\n\n\n\n<p class=\"\"><strong>Deciphering Micro-Scale, Sub-Hertz Mechanical Vibrations in Industry 4.0: A Battery-Free Sensing Approach<br><\/strong>Yuanhao Feng (University of Science and Technology of China), Donghui Dai (The Hong Kong Polytechnic University), Xiaopeng Zhao (The Hong Kong Polytechnic University), Jingyu Tong (The Hong Kong Polytechnic University), Zheng Gong (The Hong Kong Polytechnic University), and Lei Yang (The Hong Kong Polytechnic University)<\/p>\n\n\n\n<p class=\"\"><strong>RACENet: Real-time Adaptive Class-aware Early-exit Networks for Edge Devices<br><\/strong>Mohammed Ayyat (Virginia Commonwealth University) and Tamer Nadeem (Virginia Commonwealth University)<\/p>\n\n\n\n<p class=\"\"><strong>Semantically Encoding Activity Labels for Context-Aware Human Activity Recognition<br><\/strong>Wen Ge (Worcester Polytechnic Institute), Guanyi Mou (Worcester Polytechnic Institute), Emmanuel Agu (Worcester Polytechnic Institute), and Kyumin Lee (Worcester Polytechnic Institute)<\/p>\n","protected":false},"excerpt":{"rendered":"<p>Full Length Papers OCTOPINF: Workload-Aware Real-Time Inference Serving for Edge Video AnalyticsThanh-Tung Nguyen (Korea Advanced Institute of Science and Technology), Lucas Liebe (Korea Advanced Institute of Science and Technology), Nhat-Quang Tau (Korea Advanced Institute of Science and Technology), Yuheng Wu (Korea Advanced Institute of Science and Technology), Jinghan Cheng (Korea Advanced Institute of Science and [&#8230;]<\/p>\n<p><a class=\"btn btn-secondary understrap-read-more-link\" href=\"https:\/\/percom.org\/2025\/accepted-papers-main-conference\/\">Read More&#8230;<span class=\"screen-reader-text\"> from Accepted Papers (Main Conference)<\/span><\/a><\/p>\n","protected":false},"author":7,"featured_media":0,"parent":0,"menu_order":0,"comment_status":"closed","ping_status":"closed","template":"","meta":{"nf_dc_page":"","om_disable_all_campaigns":false,"_monsterinsights_skip_tracking":false,"_monsterinsights_sitenote_active":false,"_monsterinsights_sitenote_note":"","_monsterinsights_sitenote_category":0,"footnotes":""},"class_list":["post-1893","page","type-page","status-publish","hentry"],"yoast_head":"<!-- This site is optimized with the Yoast SEO plugin v27.3 - https:\/\/yoast.com\/product\/yoast-seo-wordpress\/ -->\n<title>Accepted Papers (Main Conference) - IEEE International Conference on Pervasive Computing and Communication<\/title>\n<meta name=\"robots\" content=\"index, follow, max-snippet:-1, max-image-preview:large, max-video-preview:-1\" \/>\n<link rel=\"canonical\" href=\"https:\/\/percom.org\/2025\/accepted-papers-main-conference\/\" \/>\n<meta property=\"og:locale\" content=\"en_US\" \/>\n<meta property=\"og:type\" content=\"article\" \/>\n<meta property=\"og:title\" content=\"Accepted Papers (Main Conference) - IEEE International Conference on Pervasive Computing and Communication\" \/>\n<meta property=\"og:description\" content=\"Full Length Papers OCTOPINF: Workload-Aware Real-Time Inference Serving for Edge Video AnalyticsThanh-Tung Nguyen (Korea Advanced Institute of Science and Technology), Lucas Liebe (Korea Advanced Institute of Science and Technology), Nhat-Quang Tau (Korea Advanced Institute of Science and Technology), Yuheng Wu (Korea Advanced Institute of Science and Technology), Jinghan Cheng (Korea Advanced Institute of Science and [...]Read More... from Accepted Papers (Main Conference)\" \/>\n<meta property=\"og:url\" content=\"https:\/\/percom.org\/2025\/accepted-papers-main-conference\/\" \/>\n<meta property=\"og:site_name\" content=\"IEEE International Conference on Pervasive Computing and Communication\" \/>\n<meta property=\"article:modified_time\" content=\"2025-02-05T17:56:54+00:00\" \/>\n<meta name=\"twitter:card\" content=\"summary_large_image\" \/>\n<meta name=\"twitter:label1\" content=\"Est. reading time\" \/>\n\t<meta name=\"twitter:data1\" content=\"5 minutes\" \/>\n<script type=\"application\/ld+json\" class=\"yoast-schema-graph\">{\"@context\":\"https:\\\/\\\/schema.org\",\"@graph\":[{\"@type\":\"WebPage\",\"@id\":\"https:\\\/\\\/percom.org\\\/2025\\\/accepted-papers-main-conference\\\/\",\"url\":\"https:\\\/\\\/percom.org\\\/2025\\\/accepted-papers-main-conference\\\/\",\"name\":\"Accepted Papers (Main Conference) - IEEE International Conference on Pervasive Computing and Communication\",\"isPartOf\":{\"@id\":\"https:\\\/\\\/percom.org\\\/2025\\\/#website\"},\"datePublished\":\"2025-01-17T18:16:01+00:00\",\"dateModified\":\"2025-02-05T17:56:54+00:00\",\"breadcrumb\":{\"@id\":\"https:\\\/\\\/percom.org\\\/2025\\\/accepted-papers-main-conference\\\/#breadcrumb\"},\"inLanguage\":\"en-US\",\"potentialAction\":[{\"@type\":\"ReadAction\",\"target\":[\"https:\\\/\\\/percom.org\\\/2025\\\/accepted-papers-main-conference\\\/\"]}]},{\"@type\":\"BreadcrumbList\",\"@id\":\"https:\\\/\\\/percom.org\\\/2025\\\/accepted-papers-main-conference\\\/#breadcrumb\",\"itemListElement\":[{\"@type\":\"ListItem\",\"position\":1,\"name\":\"Home\",\"item\":\"https:\\\/\\\/percom.org\\\/2025\\\/\"},{\"@type\":\"ListItem\",\"position\":2,\"name\":\"Accepted Papers (Main Conference)\"}]},{\"@type\":\"WebSite\",\"@id\":\"https:\\\/\\\/percom.org\\\/2025\\\/#website\",\"url\":\"https:\\\/\\\/percom.org\\\/2025\\\/\",\"name\":\"IEEE International Conference on Pervasive Computing and Communication\",\"description\":\"IEEE PerCom - the premier IEEE conference on pervasive computing\",\"publisher\":{\"@id\":\"https:\\\/\\\/percom.org\\\/2025\\\/#organization\"},\"potentialAction\":[{\"@type\":\"SearchAction\",\"target\":{\"@type\":\"EntryPoint\",\"urlTemplate\":\"https:\\\/\\\/percom.org\\\/2025\\\/?s={search_term_string}\"},\"query-input\":{\"@type\":\"PropertyValueSpecification\",\"valueRequired\":true,\"valueName\":\"search_term_string\"}}],\"inLanguage\":\"en-US\"},{\"@type\":\"Organization\",\"@id\":\"https:\\\/\\\/percom.org\\\/2025\\\/#organization\",\"name\":\"IEEE International Conference on Pervasive Computing and Communication\",\"url\":\"https:\\\/\\\/percom.org\\\/2025\\\/\",\"logo\":{\"@type\":\"ImageObject\",\"inLanguage\":\"en-US\",\"@id\":\"https:\\\/\\\/percom.org\\\/2025\\\/#\\\/schema\\\/logo\\\/image\\\/\",\"url\":\"https:\\\/\\\/i0.wp.com\\\/percom.org\\\/2025\\\/wp-content\\\/uploads\\\/2025\\\/02\\\/final_banner.png?fit=8972%2C3150&ssl=1\",\"contentUrl\":\"https:\\\/\\\/i0.wp.com\\\/percom.org\\\/2025\\\/wp-content\\\/uploads\\\/2025\\\/02\\\/final_banner.png?fit=8972%2C3150&ssl=1\",\"width\":8972,\"height\":3150,\"caption\":\"IEEE International Conference on Pervasive Computing and Communication\"},\"image\":{\"@id\":\"https:\\\/\\\/percom.org\\\/2025\\\/#\\\/schema\\\/logo\\\/image\\\/\"}}]}<\/script>\n<!-- \/ Yoast SEO plugin. -->","yoast_head_json":{"title":"Accepted Papers (Main Conference) - IEEE International Conference on Pervasive Computing and Communication","robots":{"index":"index","follow":"follow","max-snippet":"max-snippet:-1","max-image-preview":"max-image-preview:large","max-video-preview":"max-video-preview:-1"},"canonical":"https:\/\/percom.org\/2025\/accepted-papers-main-conference\/","og_locale":"en_US","og_type":"article","og_title":"Accepted Papers (Main Conference) - IEEE International Conference on Pervasive Computing and Communication","og_description":"Full Length Papers OCTOPINF: Workload-Aware Real-Time Inference Serving for Edge Video AnalyticsThanh-Tung Nguyen (Korea Advanced Institute of Science and Technology), Lucas Liebe (Korea Advanced Institute of Science and Technology), Nhat-Quang Tau (Korea Advanced Institute of Science and Technology), Yuheng Wu (Korea Advanced Institute of Science and Technology), Jinghan Cheng (Korea Advanced Institute of Science and [...]Read More... from Accepted Papers (Main Conference)","og_url":"https:\/\/percom.org\/2025\/accepted-papers-main-conference\/","og_site_name":"IEEE International Conference on Pervasive Computing and Communication","article_modified_time":"2025-02-05T17:56:54+00:00","twitter_card":"summary_large_image","twitter_misc":{"Est. reading time":"5 minutes"},"schema":{"@context":"https:\/\/schema.org","@graph":[{"@type":"WebPage","@id":"https:\/\/percom.org\/2025\/accepted-papers-main-conference\/","url":"https:\/\/percom.org\/2025\/accepted-papers-main-conference\/","name":"Accepted Papers (Main Conference) - IEEE International Conference on Pervasive Computing and Communication","isPartOf":{"@id":"https:\/\/percom.org\/2025\/#website"},"datePublished":"2025-01-17T18:16:01+00:00","dateModified":"2025-02-05T17:56:54+00:00","breadcrumb":{"@id":"https:\/\/percom.org\/2025\/accepted-papers-main-conference\/#breadcrumb"},"inLanguage":"en-US","potentialAction":[{"@type":"ReadAction","target":["https:\/\/percom.org\/2025\/accepted-papers-main-conference\/"]}]},{"@type":"BreadcrumbList","@id":"https:\/\/percom.org\/2025\/accepted-papers-main-conference\/#breadcrumb","itemListElement":[{"@type":"ListItem","position":1,"name":"Home","item":"https:\/\/percom.org\/2025\/"},{"@type":"ListItem","position":2,"name":"Accepted Papers (Main Conference)"}]},{"@type":"WebSite","@id":"https:\/\/percom.org\/2025\/#website","url":"https:\/\/percom.org\/2025\/","name":"IEEE International Conference on Pervasive Computing and Communication","description":"IEEE PerCom - the premier IEEE conference on pervasive computing","publisher":{"@id":"https:\/\/percom.org\/2025\/#organization"},"potentialAction":[{"@type":"SearchAction","target":{"@type":"EntryPoint","urlTemplate":"https:\/\/percom.org\/2025\/?s={search_term_string}"},"query-input":{"@type":"PropertyValueSpecification","valueRequired":true,"valueName":"search_term_string"}}],"inLanguage":"en-US"},{"@type":"Organization","@id":"https:\/\/percom.org\/2025\/#organization","name":"IEEE International Conference on Pervasive Computing and Communication","url":"https:\/\/percom.org\/2025\/","logo":{"@type":"ImageObject","inLanguage":"en-US","@id":"https:\/\/percom.org\/2025\/#\/schema\/logo\/image\/","url":"https:\/\/i0.wp.com\/percom.org\/2025\/wp-content\/uploads\/2025\/02\/final_banner.png?fit=8972%2C3150&ssl=1","contentUrl":"https:\/\/i0.wp.com\/percom.org\/2025\/wp-content\/uploads\/2025\/02\/final_banner.png?fit=8972%2C3150&ssl=1","width":8972,"height":3150,"caption":"IEEE International Conference on Pervasive Computing and Communication"},"image":{"@id":"https:\/\/percom.org\/2025\/#\/schema\/logo\/image\/"}}]}},"jetpack_sharing_enabled":true,"_links":{"self":[{"href":"https:\/\/percom.org\/2025\/wp-json\/wp\/v2\/pages\/1893","targetHints":{"allow":["GET"]}}],"collection":[{"href":"https:\/\/percom.org\/2025\/wp-json\/wp\/v2\/pages"}],"about":[{"href":"https:\/\/percom.org\/2025\/wp-json\/wp\/v2\/types\/page"}],"author":[{"embeddable":true,"href":"https:\/\/percom.org\/2025\/wp-json\/wp\/v2\/users\/7"}],"replies":[{"embeddable":true,"href":"https:\/\/percom.org\/2025\/wp-json\/wp\/v2\/comments?post=1893"}],"version-history":[{"count":5,"href":"https:\/\/percom.org\/2025\/wp-json\/wp\/v2\/pages\/1893\/revisions"}],"predecessor-version":[{"id":2066,"href":"https:\/\/percom.org\/2025\/wp-json\/wp\/v2\/pages\/1893\/revisions\/2066"}],"wp:attachment":[{"href":"https:\/\/percom.org\/2025\/wp-json\/wp\/v2\/media?parent=1893"}],"curies":[{"name":"wp","href":"https:\/\/api.w.org\/{rel}","templated":true}]}}