{"id":27,"date":"2021-05-07T14:22:31","date_gmt":"2021-05-07T14:22:31","guid":{"rendered":"http:\/\/box2478.temp.domains\/~percomor\/?page_id=27"},"modified":"2023-12-17T11:05:15","modified_gmt":"2023-12-17T11:05:15","slug":"technical-program-committee","status":"publish","type":"page","link":"https:\/\/percom.org\/2024\/technical-program-committee\/","title":{"rendered":"Program Committee"},"content":{"rendered":"\n<ul class=\"wp-block-list\">\n<li class=\"\">Christian Becker, Universit\u00e4t Stuttgart, Germany<\/li>\n\n\n\n<li class=\"\">Michael Beigl, KIT, Germany<\/li>\n\n\n\n<li class=\"\">Tristan Braud, The Hong Kong University of Science and Technology, Hong Kong<\/li>\n\n\n\n<li class=\"\">Xiaohui Cai, University of Science and Technology of China, China<\/li>\n\n\n\n<li class=\"\">Jiannong Cao, Hong Kong Polytechnical University, Hong Kong<\/li>\n\n\n\n<li class=\"\">Paul Castro, IBM T.J. Watson Research Center, USA<\/li>\n\n\n\n<li class=\"\">Sandip Chakraborty, Indian Institute of Technology Kharagpur, India<\/li>\n\n\n\n<li class=\"\">Yiqiang Chen, Institute of Computing Technology, Chinese Academy of Sciences, China<\/li>\n\n\n\n<li class=\"\">Octav Chipara, University of Iowa, USA<\/li>\n\n\n\n<li class=\"\">Claudio Cicconetti, IIT-CNR, Italy<\/li>\n\n\n\n<li class=\"\">Gabriele Civitarese, University of Milan, Italy<\/li>\n\n\n\n<li class=\"\">Miguel Correia, INESC-ID, Portugal<\/li>\n\n\n\n<li class=\"\">Klaus David, University of Kassel, Germany<\/li>\n\n\n\n<li class=\"\">Franca Delmastro, IIT-CNR, Italy<\/li>\n\n\n\n<li class=\"\">Mario Di Francesco, Aalto University, Finland<\/li>\n\n\n\n<li class=\"\">Antinisca Di Marco, University of L&#8217;Aquila, Italy<\/li>\n\n\n\n<li class=\"\">Andrzej Duda, Grenoble Institute of Technology, France<\/li>\n\n\n\n<li class=\"\">Niroshinie Fernando, Deakin University, Australia<\/li>\n\n\n\n<li class=\"\">Huber Flores, University of Tartu, Estonia<\/li>\n\n\n\n<li class=\"\">Sukhpal Singh Gill, Queen Mary University of London, United Kingdom (Great Britain)<\/li>\n\n\n\n<li class=\"\">Wei Gong, University of Science and Technology of China, China<\/li>\n\n\n\n<li class=\"\">Yanmin Gong, University of Texas at San Antonio, USA<\/li>\n\n\n\n<li class=\"\">Mahbub Hassan, University of New South Wales, Australia<\/li>\n\n\n\n<li class=\"\">Paul Havinga, University of Twente, The Netherlands<\/li>\n\n\n\n<li class=\"\">Urs Hengartner, University of Waterloo, Canada<\/li>\n\n\n\n<li class=\"\">Pan Hui, Hong Kong University of Science and Technology, Hong Kong<\/li>\n\n\n\n<li class=\"\">Jadwiga Indulska, The University of Queensland, Australia<\/li>\n\n\n\n<li class=\"\">Christine Julien, University of Texas at Austin, USA<\/li>\n\n\n\n<li class=\"\">Salil Kanhere, UNSW Sydney, Australia<\/li>\n\n\n\n<li class=\"\">Vasileios Karyotis, Ionian University, Greece<\/li>\n\n\n\n<li class=\"\">JeongGil Ko, Yonsei University, Korea (South)<\/li>\n\n\n\n<li class=\"\">Ulf Kulau, Hamburg University of Technology, Germany<\/li>\n\n\n\n<li class=\"\">Mohan Kumar, Rochester Institute of Technology, USA<\/li>\n\n\n\n<li class=\"\">Brent Lagesse, University of Washington Bothell, USA<\/li>\n\n\n\n<li class=\"\">Guohao Lan, Delft University of Technology, The Netherlands<\/li>\n\n\n\n<li class=\"\">Lik-Hang Lee, the Hong Kong Polytechnic University<\/li>\n\n\n\n<li class=\"\">Stephen Lee, University of Pittsburgh, USA<\/li>\n\n\n\n<li class=\"\">Aris Leivadeas, \u00c9cole de Technologie Sup\u00e9rieure, Canada<\/li>\n\n\n\n<li class=\"\">Marco Levorato, University of California, Irvine, USA<\/li>\n\n\n\n<li class=\"\">Seng Loke, Deakin University, Australia<\/li>\n\n\n\n<li class=\"\">Valeria Loscr\u00ed, Inria Lille-Nord Europe, France<\/li>\n\n\n\n<li class=\"\">Takuya Maekawa, Osaka University, Japan<\/li>\n\n\n\n<li class=\"\">Stefano Mariani, University of Modena and Reggio Emilia, Italy<\/li>\n\n\n\n<li class=\"\">Rahat Masood, University of New South Wales, Australia<\/li>\n\n\n\n<li class=\"\">Archan Misra, Singapore Management University, Singapore<\/li>\n\n\n\n<li class=\"\">Nathalie Mitton, Inria Lille &#8211; Nord Europe, France<\/li>\n\n\n\n<li class=\"\">Amy Murphy, Fondazione Bruno Kessler, Italy<\/li>\n\n\n\n<li class=\"\">Daniela Nicklas, University of Bamberg, Germany<\/li>\n\n\n\n<li class=\"\">Petteri Nurmi, University of Helsinki, Finland<\/li>\n\n\n\n<li class=\"\">J\u00f6rg Ott, Technische Universit\u00e4t M\u00fcnchen, Germany<\/li>\n\n\n\n<li class=\"\">Andrea Passarella, IIT-CNR, Italy<\/li>\n\n\n\n<li class=\"\">Ella Peltonen, University of Oulu, Finland<\/li>\n\n\n\n<li class=\"\">Dirk Pesch, University College Cork, Ireland<\/li>\n\n\n\n<li class=\"\">Susanna Pirttikangas, University of Oulu, Finland<\/li>\n\n\n\n<li class=\"\">Fran\u00e7ois Portet, Laboratory LIG, UMR CNRS\/INPG\/UJF 5217, Team GETALP, France<\/li>\n\n\n\n<li class=\"\">Sanjay Purushotham, University of Maryland Baltimore County, USA<\/li>\n\n\n\n<li class=\"\">Vaskar Raychoudhury, Miami University, USA<\/li>\n\n\n\n<li class=\"\">Delphine Reinhardt, University of G\u00f6ttingen, Germany<\/li>\n\n\n\n<li class=\"\">Francesco Restuccia, Northeastern University, USA<\/li>\n\n\n\n<li class=\"\">Till Riedel, Karlsruhe Institute of Technology, Germany<\/li>\n\n\n\n<li class=\"\">George Roussos, Birkbeck College, University of London, United Kingdom (Great Britain)<\/li>\n\n\n\n<li class=\"\">Silvia Santini, Universit\u00e0 della Svizzera Italiana (USI), Switzerland<\/li>\n\n\n\n<li class=\"\">Gregor Schiele, University of Duisburg-Essen, Germany<\/li>\n\n\n\n<li class=\"\">Simone Silvestri, University of Kentucky, USA<\/li>\n\n\n\n<li class=\"\">G\u00fcrkan Solmaz, NEC Laboratories Europe, Germany<\/li>\n\n\n\n<li class=\"\">Thorsten Strufe, Karlsruhe Institute of Technology, Germany<\/li>\n\n\n\n<li class=\"\">Reza Tourani, Saint Louis University, USA<\/li>\n\n\n\n<li class=\"\">Hong-Linh Truong, Aalto University, Finland<\/li>\n\n\n\n<li class=\"\">Eirini Eleni Tsiropoulou, University of New Mexico, USA<\/li>\n\n\n\n<li class=\"\">Carlo Vallati, University of Pisa, Italy<\/li>\n\n\n\n<li class=\"\">Dinusha Vatsalan, Macquarie University, Australia<\/li>\n\n\n\n<li class=\"\">Yu Xiao, Aalto University, Finland<\/li>\n\n\n\n<li class=\"\">Hirozumi Yamaguchi, Osaka University, Japan<\/li>\n\n\n\n<li class=\"\">Juan Ye, University of St Andrews, United Kingdom (Great Britain)<\/li>\n\n\n\n<li class=\"\">Moustafa Youssef, Alexandria University, Egypt<\/li>\n\n\n\n<li class=\"\">Franco Zambonelli, University of Modena and Reggio Emilia, Italy<\/li>\n\n\n\n<li class=\"\">Xi Zheng, Macquarie University, Australia<\/li>\n\n\n\n<li class=\"\">Bo Zhou, German Research Center for Artificial Intelligence, Germany<\/li>\n\n\n\n<li class=\"\">Marco Zuniga, Delft University of Technology, The Netherlands<\/li>\n<\/ul>\n","protected":false},"excerpt":{"rendered":"<p> [&#8230;]<\/p>\n<p><a class=\"btn btn-secondary understrap-read-more-link\" href=\"https:\/\/percom.org\/2024\/technical-program-committee\/\">Read More&#8230;<span class=\"screen-reader-text\"> from Program Committee<\/span><\/a><\/p>\n","protected":false},"author":6,"featured_media":0,"parent":0,"menu_order":0,"comment_status":"closed","ping_status":"closed","template":"","meta":{"nf_dc_page":"","footnotes":""},"class_list":["post-27","page","type-page","status-publish","hentry"],"jetpack_sharing_enabled":true,"_links":{"self":[{"href":"https:\/\/percom.org\/2024\/wp-json\/wp\/v2\/pages\/27","targetHints":{"allow":["GET"]}}],"collection":[{"href":"https:\/\/percom.org\/2024\/wp-json\/wp\/v2\/pages"}],"about":[{"href":"https:\/\/percom.org\/2024\/wp-json\/wp\/v2\/types\/page"}],"author":[{"embeddable":true,"href":"https:\/\/percom.org\/2024\/wp-json\/wp\/v2\/users\/6"}],"replies":[{"embeddable":true,"href":"https:\/\/percom.org\/2024\/wp-json\/wp\/v2\/comments?post=27"}],"version-history":[{"count":5,"href":"https:\/\/percom.org\/2024\/wp-json\/wp\/v2\/pages\/27\/revisions"}],"predecessor-version":[{"id":1316,"href":"https:\/\/percom.org\/2024\/wp-json\/wp\/v2\/pages\/27\/revisions\/1316"}],"wp:attachment":[{"href":"https:\/\/percom.org\/2024\/wp-json\/wp\/v2\/media?parent=27"}],"curies":[{"name":"wp","href":"https:\/\/api.w.org\/{rel}","templated":true}]}}